{"id":145711,"date":"2024-06-06T11:08:00","date_gmt":"2024-06-06T09:08:00","guid":{"rendered":"https:\/\/nugosu.gg\/?post_type=product&#038;p=145711"},"modified":"2026-04-22T00:23:30","modified_gmt":"2026-04-21T22:23:30","slug":"shaker-yocrew-x-nugosu","status":"publish","type":"product","link":"https:\/\/nugosu.gg\/cs\/produkt\/shaker-yocrew-x-nugosu\/","title":{"rendered":"SHAKER YoCrew x NUGOSU"},"content":{"rendered":"<p>Na v\u00fdro\u010d\u00ed na\u0161\u00ed spolupr\u00e1ce s E-Sportovn\u00ed orgn\u00e1zac\u00ed YoCrew, p\u0159in\u00e1\u0161\u00edme jedine\u010dnou limitovanou edici \u0161ejkru NUGOSU x YoCrew, pro v\u0161echny hr\u00e1\u010de, kte\u0159\u00ed vyu\u017e\u00edvaj\u00ed svoji energii na maximum, a\u0165 u\u017e p\u0159i hran\u00ed nebo v b\u011b\u017en\u00fdch \u00fakonech.<\/p>\n","protected":false},"excerpt":{"rendered":"<ul>\n<li style=\"font-weight: 400;\" aria-level=\"1\"><span style=\"font-weight: 400;\">Limitovan\u00e1 edice: YoCrew x NUGOSU<\/span><\/li>\n<li style=\"font-weight: 400;\" aria-level=\"1\"><span style=\"font-weight: 400;\">Objem 500 ml<\/span><\/li>\n<li style=\"font-weight: 400;\" aria-level=\"1\"><span style=\"font-weight: 400;\">YoCrew x NUGOSU loga na 2 stran\u00e1ch \u0161ejkru<\/span><\/li>\n<li aria-level=\"1\"><span style=\"font-weight: 400;\">YoCrew <\/span>logo na vr\u0161ku<\/li>\n<li style=\"font-weight: 400;\" aria-level=\"1\"><span style=\"font-weight: 400;\">Vnit\u0159n\u00ed m\u00edchac\u00ed s\u00edtko<\/span><\/li>\n<li style=\"font-weight: 400;\" aria-level=\"1\"><span style=\"font-weight: 400;\">Dokonale t\u011bsn\u00ed, nete\u010de<\/span><\/li>\n<li style=\"font-weight: 400;\" aria-level=\"1\"><span style=\"font-weight: 400;\">Neobsahuje toxick\u00e9 plasty, BPA a DEHP<\/span><\/li>\n<li style=\"font-weight: 400;\" aria-level=\"1\"><span style=\"font-weight: 400;\">Vyrobeno v EU<\/span><\/li>\n<\/ul>\n<p><img decoding=\"async\" class=\"alignnone wp-image-91260\" src=\"https:\/\/nugosu.gg\/wp-content\/uploads\/2021\/03\/Vrstva-1-1.png\" alt=\"\" width=\"317\" height=\"92\" srcset=\"https:\/\/nugosu.gg\/wp-content\/uploads\/2021\/03\/Vrstva-1-1.png 820w, https:\/\/nugosu.gg\/wp-content\/uploads\/2021\/03\/Vrstva-1-1-300x87.png 300w, https:\/\/nugosu.gg\/wp-content\/uploads\/2021\/03\/Vrstva-1-1-768x223.png 768w, https:\/\/nugosu.gg\/wp-content\/uploads\/2021\/03\/Vrstva-1-1-350x102.png 350w, https:\/\/nugosu.gg\/wp-content\/uploads\/2021\/03\/Vrstva-1-1-60x17.png 60w, https:\/\/nugosu.gg\/wp-content\/uploads\/2021\/03\/Vrstva-1-1-110x32.png 110w, https:\/\/nugosu.gg\/wp-content\/uploads\/2021\/03\/Vrstva-1-1-600x174.png 600w\" sizes=\"(max-width: 317px) 100vw, 317px\" \/><\/p>\n","protected":false},"featured_media":163437,"comment_status":"open","ping_status":"closed","template":"","meta":[],"product_brand":[],"product_cat":[196],"product_tag":[197],"class_list":{"0":"post-145711","1":"product","2":"type-product","3":"status-publish","4":"has-post-thumbnail","6":"product_cat-accessories-cs","7":"product_tag-shaker-cs","9":"first","10":"instock","11":"taxable","12":"shipping-taxable","13":"purchasable","14":"product-type-simple"},"composite_virtual":false,"composite_layout":"","composite_add_to_cart_form_location":"","composite_editable_in_cart":false,"composite_sold_individually_context":"","composite_shop_price_calc":"","composite_components":[],"composite_scenarios":[],"_links":{"self":[{"href":"https:\/\/nugosu.gg\/cs\/wp-json\/wp\/v2\/product\/145711","targetHints":{"allow":["GET"]}}],"collection":[{"href":"https:\/\/nugosu.gg\/cs\/wp-json\/wp\/v2\/product"}],"about":[{"href":"https:\/\/nugosu.gg\/cs\/wp-json\/wp\/v2\/types\/product"}],"replies":[{"embeddable":true,"href":"https:\/\/nugosu.gg\/cs\/wp-json\/wp\/v2\/comments?post=145711"}],"wp:featuredmedia":[{"embeddable":true,"href":"https:\/\/nugosu.gg\/cs\/wp-json\/wp\/v2\/media\/163437"}],"wp:attachment":[{"href":"https:\/\/nugosu.gg\/cs\/wp-json\/wp\/v2\/media?parent=145711"}],"wp:term":[{"taxonomy":"product_brand","embeddable":true,"href":"https:\/\/nugosu.gg\/cs\/wp-json\/wp\/v2\/product_brand?post=145711"},{"taxonomy":"product_cat","embeddable":true,"href":"https:\/\/nugosu.gg\/cs\/wp-json\/wp\/v2\/product_cat?post=145711"},{"taxonomy":"product_tag","embeddable":true,"href":"https:\/\/nugosu.gg\/cs\/wp-json\/wp\/v2\/product_tag?post=145711"}],"curies":[{"name":"wp","href":"https:\/\/api.w.org\/{rel}","templated":true}]}}