{"id":139248,"date":"2024-03-14T22:46:35","date_gmt":"2024-03-14T21:46:35","guid":{"rendered":"https:\/\/nugosu.gg\/?post_type=product&#038;p=139248"},"modified":"2026-03-08T02:15:34","modified_gmt":"2026-03-08T01:15:34","slug":"nugosu-easy-fill-black-funnel","status":"publish","type":"product","link":"https:\/\/nugosu.gg\/cs\/produkt\/nugosu-easy-fill-black-funnel\/","title":{"rendered":"NUGOSU Easy-Fill Black Funnel"},"content":{"rendered":"<p>Objevte multifunk\u010dnost s NUGOSU Easy-Fill Black Funnel, revolu\u010dn\u00edm n\u00e1strojem, kter\u00fd spojuje pohodl\u00ed p\u0159enosn\u00e9 n\u00e1doby a p\u0159esnost l\u017e\u00edce pro n\u00e1poje v jednom. Tento inovativn\u00ed v\u00fdrobek v\u00e1m umo\u017en\u00ed skladovat, p\u0159en\u00e1\u0161et a s neoby\u010dejnou p\u0159esnost\u00ed d\u00e1vkovat tekutiny a pr\u00e1\u0161kov\u00e9 dopl\u0148ky do shakeru, lahve nebo dokonce sklenice bez jak\u00e9hokoli \u00fasil\u00ed. D\u00edky modul\u00e1rn\u00ed konstrukci s lehce odn\u00edmateln\u00fdmi \u010d\u00e1stmi a v\u00fdrob\u011b z bezpe\u010dn\u00e9ho BPA-free plastu, NUGOSU Easy-Fill zaru\u010duje jednoduchou manipulaci, zdravotn\u00ed bezpe\u010dnost a dlouhodobou odolnost.<\/p>\n<p>Nav\u00edc, s t\u00edmto praktick\u00fdm pomocn\u00edkem m\u00e1te sv\u00e9 obl\u00edben\u00e9 dopl\u0148ky ve form\u011b pr\u00e1\u0161ku, jako jsou SCORE, UNLIMITED nebo SHIELD, v\u017edy po ruce a m\u016f\u017eete je kdykoliv rychle a snadno p\u0159idat do sv\u00e9ho shakeru, lahve nebo sklenice, \u010d\u00edm\u017e z\u00edsk\u00e1te perfektn\u00ed n\u00e1poj p\u0159esn\u011b podle va\u0161ich p\u0159edstav. NUGOSU Easy-Fill je nezbytn\u00fdm spole\u010dn\u00edkem pro ka\u017ed\u00e9ho, kdo hled\u00e1 spolehliv\u00fd, bezpe\u010dn\u00fd a efektivn\u00ed zp\u016fsob, jak si u\u017e\u00edvat sv\u00e9 obl\u00edben\u00e9 n\u00e1poje kdekoliv a kdykoliv.<\/p>\n","protected":false},"excerpt":{"rendered":"<p>Objevte multifunk\u010dnost s NUGOSU Easy-Fill Black Funnel, revolu\u010dn\u00edm n\u00e1strojem, kter\u00fd spojuje pohodl\u00ed p\u0159enosn\u00e9 n\u00e1doby a p\u0159esnost l\u017e\u00edce pro n\u00e1poje v [&hellip;]<\/p>\n","protected":false},"featured_media":163383,"comment_status":"open","ping_status":"closed","template":"","meta":[],"product_brand":[],"product_cat":[201],"product_tag":[197],"class_list":{"0":"post-139248","1":"product","2":"type-product","3":"status-publish","4":"has-post-thumbnail","6":"product_cat-nezaradene-cs","7":"product_tag-shaker-cs","9":"first","10":"instock","11":"taxable","12":"shipping-taxable","13":"purchasable","14":"product-type-simple"},"composite_virtual":false,"composite_layout":"","composite_add_to_cart_form_location":"","composite_editable_in_cart":false,"composite_sold_individually_context":"","composite_shop_price_calc":"","composite_components":[],"composite_scenarios":[],"_links":{"self":[{"href":"https:\/\/nugosu.gg\/cs\/wp-json\/wp\/v2\/product\/139248","targetHints":{"allow":["GET"]}}],"collection":[{"href":"https:\/\/nugosu.gg\/cs\/wp-json\/wp\/v2\/product"}],"about":[{"href":"https:\/\/nugosu.gg\/cs\/wp-json\/wp\/v2\/types\/product"}],"replies":[{"embeddable":true,"href":"https:\/\/nugosu.gg\/cs\/wp-json\/wp\/v2\/comments?post=139248"}],"wp:featuredmedia":[{"embeddable":true,"href":"https:\/\/nugosu.gg\/cs\/wp-json\/wp\/v2\/media\/163383"}],"wp:attachment":[{"href":"https:\/\/nugosu.gg\/cs\/wp-json\/wp\/v2\/media?parent=139248"}],"wp:term":[{"taxonomy":"product_brand","embeddable":true,"href":"https:\/\/nugosu.gg\/cs\/wp-json\/wp\/v2\/product_brand?post=139248"},{"taxonomy":"product_cat","embeddable":true,"href":"https:\/\/nugosu.gg\/cs\/wp-json\/wp\/v2\/product_cat?post=139248"},{"taxonomy":"product_tag","embeddable":true,"href":"https:\/\/nugosu.gg\/cs\/wp-json\/wp\/v2\/product_tag?post=139248"}],"curies":[{"name":"wp","href":"https:\/\/api.w.org\/{rel}","templated":true}]}}