{"id":118080,"date":"2023-05-08T13:27:28","date_gmt":"2023-05-08T11:27:28","guid":{"rendered":"https:\/\/nugosu.gg\/?post_type=product&#038;p=118080"},"modified":"2025-10-02T12:04:16","modified_gmt":"2025-10-02T10:04:16","slug":"t-shirt-nugosu-energy","status":"publish","type":"product","link":"https:\/\/nugosu.gg\/cs\/produkt\/t-shirt-nugosu-energy\/","title":{"rendered":"T \u2013 SHIRT NUGOSU ENERGY"},"content":{"rendered":"<p>D\u00edky prvot\u0159\u00eddn\u00ed sm\u011bsi pr\u00e9miov\u00e9 bavlny, neuv\u011b\u0159iteln\u011b pohodln\u00e9mu st\u0159ihu a nad\u010dasov\u00e9mu designu jsou na\u0161e tri\u010dka NUGOSU z kolekce ENERGY p\u0159ednostn\u00edm tri\u010dkem ka\u017ed\u00e9ho hern\u00edho \u0161ampiona!<\/p>\n","protected":false},"excerpt":{"rendered":"<h2>Jak se starat o tri\u010dko?<\/h2>\n<p><strong><img decoding=\"async\" class=\" wp-image-111496 alignnone\" src=\"https:\/\/nugosu.gg\/wp-content\/uploads\/2022\/12\/mw_40c.jpg\" alt=\"\" width=\"45\" height=\"30\" srcset=\"https:\/\/nugosu.gg\/wp-content\/uploads\/2022\/12\/mw_40c.jpg 218w, https:\/\/nugosu.gg\/wp-content\/uploads\/2022\/12\/mw_40c-60x40.jpg 60w, https:\/\/nugosu.gg\/wp-content\/uploads\/2022\/12\/mw_40c-110x74.jpg 110w\" sizes=\"(max-width: 45px) 100vw, 45px\" \/><img decoding=\"async\" src=\"data:image\/gif;base64,R0lGODlhMgAjALMAAAAAABAQECEhITExMVJSUnNzc5ycnL29vc7Ozt7e3u\/v7\/\/\/\/\/\/\/\/\/\/\/\/\/\/\/\/\/\/\/\/ywAAAAAMgAjAEAE\/nDJSau9OOuJSACDoVhGMIwFQIyVYghAUCRbrQyBsbgwAAiiQ0CAqBkTL5\/gYGwRfCBRc0qtWheIT+F6PXiGgAJrUhIMfAQm94LADWAhGiVRgA1za0WxNJCvUwQ7RWsZCWqEFy8EgxlCA09iG14Bh010MAIzEgYqY5wnEggFHyFjiBJPSlIKdUqVp3NnBy5nAQQGqQMHBwKUsBIKQjFpNgdnIK9NoyAeAqZUCk+3tTrKAdfY2drb3L0rv+Dh4oQFoOLBzxfRSn4awUYuH0DtsQAGvESFy0tTwTi2lW74WpBAAL8J\/q7pSjclgYcoCHpVSoBjVhIZ9BDxQMNIAi8fX6XGeTRhAAeIcsMgidwEgsalGD8MJGClQiQgXKQOlUzZKVwKH7Y6VpgEkmGVDqSkNIkmT1MVY1DscRFiYlgyDMYKtMGzJssSUQOEaqAIQKyVLAOpRF3Ltq1bH0ZXWokAADs=\" alt=\"\" \/><img decoding=\"async\" src=\"data:image\/gif;base64,R0lGODlhMgAjALMAAAAAAAgICBAQEBgYGCEhIS0tLVdXV6enp729vcbGxs7Ozt7e3ufn5+\/v7\/f39\/\/\/\/ywAAAAAMgAjAEAE\/vDJSau9OOsKAEVFVxgK5SDGIC5TIWxZBxRN1ig1pgjAC1+dh2HG+k0Qg8DBZbTIntCoFNrkTK\/YYHXScYRo20Vo6ds+OgHwpWEgGHKWXaC81UrEHUHhsHA8bksBAAFvLXRmiIkxHhUOCgYFgk96BwwWTIhaBzwFRRsgMwgPmGYdQwV+ZgyRc4kyBxhsPQCwGCEBrrQzcFUKAwK\/uRKgBaIbDptEo4dNdhQNKC4Cc3okqRTBitrb3N0UWeBSwrEIB5AGBwjXFdmljBMKBSoAAyPmLiIGnsvjDwcqxSxhWLAklARSdTwg4GFA4I94M1YxM9JhhwBjWw7MkJfrF0YzVhp75AJgIAOeQmtujSyJwYCAlx+fqcw0Q4kNXhaGtKK5IEmtLacQVgmCp0AJIwVpCG32DuIAA+rWgBCk7+DEH84eMAjUoV4BfD32rFtKMZzZrN7SSogAADs=\" alt=\"\" \/><img decoding=\"async\" src=\"data:image\/gif;base64,R0lGODlhMgAjALMAAAAAABAQECEhITExMVJSUnNzc5ycnL29vc7Ozt7e3u\/v7\/\/\/\/\/\/\/\/\/\/\/\/\/\/\/\/\/\/\/\/ywAAAAAMgAjAEAEz3DJSau9OOtcgBhgKI5gICBbqqrKEBzrdARDkhYBMKBbRyixoHBILKpmAuDQACAYDYGCsYJUphCArHbL7Xq\/0ql4TB5Df8LZwFpUFAg8YidMZH7vdxMseGZfoDo2GlBrKgkuZRYEUYmNjo+QkZKTZQmLAZiZmpuZTpUucSyLBmQtAHtBLS9jBAB0QggCAYKUGmp+QXi6Xp6wLq9FB4vAKQkCAqgYCgcFtMqtyRuqpBqmmNQZhwGhGQqt2NUGBdwYCSbkFge767oCte\/w8RYRAAA7\" alt=\"\" \/><\/strong><\/p>\n<p>Tri\u010dko perte\u00a0<strong>naruby p\u0159i teplot\u011b 40\u00baC, <\/strong>a v p\u0159\u00edpad\u011b, \u017ee ho chcete \u017eehlit, nastavte si m\u00edrnou teplotu a ne\u017eehlete naruby ani p\u0159es potisk.\u00a0Su\u0161te ho v su\u0161i\u010dce pouze pokud ho chcete zmen\u0161it, jinak to nedoporu\u010dujeme, proto\u017ee se tak m\u016f\u017ee srazit.<\/p>\n<p><strong>Materi\u00e1l:<\/strong> 100% Bavlna<\/p>\n","protected":false},"featured_media":163553,"comment_status":"open","ping_status":"closed","template":"","meta":[],"product_brand":[],"product_cat":[132],"product_tag":[133,1274,134,652,664],"class_list":{"0":"post-118080","1":"product","2":"type-product","3":"status-publish","4":"has-post-thumbnail","6":"product_cat-clothing-cs","7":"product_tag-nugosu-cs","8":"product_tag-sale_merch-cs","9":"product_tag-triko","10":"product_tag-upsell_cap_cz","11":"product_tag-upsell_hoodie_cz","13":"first","14":"outofstock","15":"taxable","16":"shipping-taxable","17":"purchasable","18":"product-type-variable","19":"has-default-attributes"},"composite_virtual":false,"composite_layout":"","composite_add_to_cart_form_location":"","composite_editable_in_cart":false,"composite_sold_individually_context":"","composite_shop_price_calc":"","composite_components":[],"composite_scenarios":[],"_links":{"self":[{"href":"https:\/\/nugosu.gg\/cs\/wp-json\/wp\/v2\/product\/118080","targetHints":{"allow":["GET"]}}],"collection":[{"href":"https:\/\/nugosu.gg\/cs\/wp-json\/wp\/v2\/product"}],"about":[{"href":"https:\/\/nugosu.gg\/cs\/wp-json\/wp\/v2\/types\/product"}],"replies":[{"embeddable":true,"href":"https:\/\/nugosu.gg\/cs\/wp-json\/wp\/v2\/comments?post=118080"}],"wp:featuredmedia":[{"embeddable":true,"href":"https:\/\/nugosu.gg\/cs\/wp-json\/wp\/v2\/media\/163553"}],"wp:attachment":[{"href":"https:\/\/nugosu.gg\/cs\/wp-json\/wp\/v2\/media?parent=118080"}],"wp:term":[{"taxonomy":"product_brand","embeddable":true,"href":"https:\/\/nugosu.gg\/cs\/wp-json\/wp\/v2\/product_brand?post=118080"},{"taxonomy":"product_cat","embeddable":true,"href":"https:\/\/nugosu.gg\/cs\/wp-json\/wp\/v2\/product_cat?post=118080"},{"taxonomy":"product_tag","embeddable":true,"href":"https:\/\/nugosu.gg\/cs\/wp-json\/wp\/v2\/product_tag?post=118080"}],"curies":[{"name":"wp","href":"https:\/\/api.w.org\/{rel}","templated":true}]}}