{"id":117973,"date":"2023-05-01T19:53:00","date_gmt":"2023-05-01T17:53:00","guid":{"rendered":"https:\/\/nugosu.gg\/product\/nugosu-podlozka-pod-mys-rgb-xl-800x300-mm\/"},"modified":"2026-03-12T10:51:01","modified_gmt":"2026-03-12T09:51:01","slug":"nugosu-podlozka-pod-mys-rgb-xl-800x300-mm","status":"publish","type":"product","link":"https:\/\/nugosu.gg\/cs\/produkt\/nugosu-podlozka-pod-mys-rgb-xl-800x300-mm\/","title":{"rendered":"NUGOSU Podlo\u017eka pod my\u0161 RGB XL 800&#215;300 mm"},"content":{"rendered":"<p><span style=\"font-weight: 400;\">Nugosu Mousepad RGB XL je dokonal\u00fdm hern\u00edm p\u0159\u00edslu\u0161enstv\u00edm pro ty, kte\u0159\u00ed cht\u011bj\u00ed maxim\u00e1ln\u00ed hern\u00ed z\u00e1\u017eitek. Tato pr\u00e9miov\u00e1 podlo\u017eka pod my\u0161 m\u00e1 velkorys\u00e9 rozm\u011bry 800 x 300 mm a poskytuje dostatek prostoru pro kl\u00e1vesnici a my\u0161, co\u017e umo\u017e\u0148uje pohodln\u00fd a prostorn\u00fd povrch pro v\u0161echny va\u0161e hern\u00ed pot\u0159eby.<\/span><\/p>\n","protected":false},"excerpt":{"rendered":"<p>Nugosu Mousepad RGB XL je dokonal\u00fdm hern\u00edm p\u0159\u00edslu\u0161enstv\u00edm pro ty, kte\u0159\u00ed cht\u011bj\u00ed maxim\u00e1ln\u00ed hern\u00ed z\u00e1\u017eitek. Tato pr\u00e9miov\u00e1 podlo\u017eka pod my\u0161 [&hellip;]<\/p>\n","protected":false},"featured_media":117795,"comment_status":"open","ping_status":"closed","template":"","meta":[],"product_brand":[],"product_cat":[1122],"product_tag":[1783,1123,1274,1124],"class_list":{"0":"post-117973","1":"product","2":"type-product","3":"status-publish","4":"has-post-thumbnail","6":"product_cat-mousepad-cs","7":"product_tag-back_to_school-cs","8":"product_tag-mousepad-cs","9":"product_tag-sale_merch-cs","10":"product_tag-warriorpad-cs","12":"first","13":"instock","14":"taxable","15":"shipping-taxable","16":"purchasable","17":"product-type-simple"},"composite_virtual":false,"composite_layout":"","composite_add_to_cart_form_location":"","composite_editable_in_cart":false,"composite_sold_individually_context":"","composite_shop_price_calc":"","composite_components":[],"composite_scenarios":[],"_links":{"self":[{"href":"https:\/\/nugosu.gg\/cs\/wp-json\/wp\/v2\/product\/117973","targetHints":{"allow":["GET"]}}],"collection":[{"href":"https:\/\/nugosu.gg\/cs\/wp-json\/wp\/v2\/product"}],"about":[{"href":"https:\/\/nugosu.gg\/cs\/wp-json\/wp\/v2\/types\/product"}],"replies":[{"embeddable":true,"href":"https:\/\/nugosu.gg\/cs\/wp-json\/wp\/v2\/comments?post=117973"}],"wp:featuredmedia":[{"embeddable":true,"href":"https:\/\/nugosu.gg\/cs\/wp-json\/wp\/v2\/media\/117795"}],"wp:attachment":[{"href":"https:\/\/nugosu.gg\/cs\/wp-json\/wp\/v2\/media?parent=117973"}],"wp:term":[{"taxonomy":"product_brand","embeddable":true,"href":"https:\/\/nugosu.gg\/cs\/wp-json\/wp\/v2\/product_brand?post=117973"},{"taxonomy":"product_cat","embeddable":true,"href":"https:\/\/nugosu.gg\/cs\/wp-json\/wp\/v2\/product_cat?post=117973"},{"taxonomy":"product_tag","embeddable":true,"href":"https:\/\/nugosu.gg\/cs\/wp-json\/wp\/v2\/product_tag?post=117973"}],"curies":[{"name":"wp","href":"https:\/\/api.w.org\/{rel}","templated":true}]}}