{"id":108120,"date":"2022-11-01T12:27:00","date_gmt":"2022-11-01T11:27:00","guid":{"rendered":"https:\/\/nugosu.gg\/?post_type=product&#038;p=108120"},"modified":"2025-08-27T11:49:11","modified_gmt":"2025-08-27T09:49:11","slug":"nugosu-hoodie-red","status":"publish","type":"product","link":"https:\/\/nugosu.gg\/cs\/produkt\/nugosu-hoodie-red\/","title":{"rendered":"NUGOSU Hoodie graffiti RED"},"content":{"rendered":"<p>S mikinou NUGOSU Hoodie graffiti RED se odli\u0161\u00ed\u0161 od ostatn\u00edch a z\u00e1rove\u0148 se za\u0159ad\u00ed\u0161 mezi hern\u00ed \u0161ampiony! Je extr\u00e9mn\u011b pohodln\u00e1 s minimalistick\u00fdm designem. Mikina t\u011b zah\u0159eje a udr\u017e\u00ed v teple.<\/p>\n","protected":false},"excerpt":{"rendered":"<h2>Jak se starat o NUGOSU Hoodie?<\/h2>\n<ul>\n<li><span class=\"VIiyi\" lang=\"en\"><span class=\"JLqJ4b ChMk0b\" data-language-for-alternatives=\"en\" data-language-to-translate-into=\"sk\" data-phrase-index=\"0\">P\u0159i pran\u00ed mikinu oto\u010dte naruby a perte do 40\u00b0C.<\/span><\/span><\/li>\n<li><span class=\"VIiyi\" lang=\"en\"><span class=\"VIiyi\" lang=\"en\"><span class=\"JLqJ4b ChMk0b\" data-language-for-alternatives=\"en\" data-language-to-translate-into=\"sk\" data-phrase-index=\"2\">Nepou\u017e\u00edvejte b\u011blidlo.<\/span><\/span><\/span><\/li>\n<li>perte s podobn\u00fdmi barvami.<\/li>\n<\/ul>\n<p>Material: 65% bavlna, 35% polyester<\/p>\n","protected":false},"featured_media":163511,"comment_status":"open","ping_status":"closed","template":"","meta":[],"product_brand":[],"product_cat":[1258,132],"product_tag":[388,387,133,652,684],"class_list":{"0":"post-108120","1":"product","2":"type-product","3":"status-publish","4":"has-post-thumbnail","6":"product_cat-hoodie-cs","7":"product_cat-clothing-cs","8":"product_tag-clothing-cs","9":"product_tag-hoodie-cs","10":"product_tag-nugosu-cs","11":"product_tag-upsell_cap_cz","12":"product_tag-upsell_t-shirt_cz","14":"first","15":"instock","16":"sale","17":"taxable","18":"shipping-taxable","19":"purchasable","20":"product-type-variable"},"composite_virtual":false,"composite_layout":"","composite_add_to_cart_form_location":"","composite_editable_in_cart":false,"composite_sold_individually_context":"","composite_shop_price_calc":"","composite_components":[],"composite_scenarios":[],"_links":{"self":[{"href":"https:\/\/nugosu.gg\/cs\/wp-json\/wp\/v2\/product\/108120","targetHints":{"allow":["GET"]}}],"collection":[{"href":"https:\/\/nugosu.gg\/cs\/wp-json\/wp\/v2\/product"}],"about":[{"href":"https:\/\/nugosu.gg\/cs\/wp-json\/wp\/v2\/types\/product"}],"replies":[{"embeddable":true,"href":"https:\/\/nugosu.gg\/cs\/wp-json\/wp\/v2\/comments?post=108120"}],"wp:featuredmedia":[{"embeddable":true,"href":"https:\/\/nugosu.gg\/cs\/wp-json\/wp\/v2\/media\/163511"}],"wp:attachment":[{"href":"https:\/\/nugosu.gg\/cs\/wp-json\/wp\/v2\/media?parent=108120"}],"wp:term":[{"taxonomy":"product_brand","embeddable":true,"href":"https:\/\/nugosu.gg\/cs\/wp-json\/wp\/v2\/product_brand?post=108120"},{"taxonomy":"product_cat","embeddable":true,"href":"https:\/\/nugosu.gg\/cs\/wp-json\/wp\/v2\/product_cat?post=108120"},{"taxonomy":"product_tag","embeddable":true,"href":"https:\/\/nugosu.gg\/cs\/wp-json\/wp\/v2\/product_tag?post=108120"}],"curies":[{"name":"wp","href":"https:\/\/api.w.org\/{rel}","templated":true}]}}