{"id":92227,"date":"2014-12-11T17:50:51","date_gmt":"2014-12-11T16:50:51","guid":{"rendered":"https:\/\/nugosu.gg\/about-classic\/"},"modified":"2021-03-30T20:17:57","modified_gmt":"2021-03-30T18:17:57","slug":"o-nas","status":"publish","type":"page","link":"https:\/\/nugosu.gg\/cs\/o-nas\/","title":{"rendered":"About Us"},"content":{"rendered":"<div class=\"wpb-content-wrapper\"><p>[vc_row row_height_percent=&#8220;0&#8243; override_padding=&#8220;yes&#8220; h_padding=&#8220;2&#8243; top_padding=&#8220;5&#8243; bottom_padding=&#8220;4&#8243; overlay_alpha=&#8220;100&#8243; gutter_size=&#8220;100&#8243; column_width_percent=&#8220;100&#8243; shift_y=&#8220;0&#8243; z_index=&#8220;0&#8243; style=&#8220;inherited&#8220;][vc_column column_width_use_pixel=&#8220;yes&#8220; align_horizontal=&#8220;align_center&#8220; gutter_size=&#8220;4&#8243; font_family=&#8220;font-134980&#8243; overlay_alpha=&#8220;100&#8243; shift_x=&#8220;0&#8243; shift_y=&#8220;0&#8243; medium_width=&#8220;0&#8243; zoom_width=&#8220;0&#8243; zoom_height=&#8220;0&#8243; width=&#8220;1\/1&#8243;][vc_column_text text_lead=&#8220;yes&#8220;]<span class=\"font-175610\"><span style=\"font-weight: 400;\">P\u0159edstavujeme Ti zna\u010dku NUGOSU. Na\u0161e suplementy jsou <\/span><b>vyvinuty speci\u00e1ln\u011b pro hr\u00e1\u010de<\/b><span style=\"font-weight: 400;\"> a sportovce v oblasti E-SPORTS a E-GAMES, kte\u0159\u00ed se cht\u011bj\u00ed posunout o p\u00e1r level\u016f v\u00fd\u0161e a dos\u00e1hnout a\u017e na samotn\u00fd vrchol. Hackni svou mysl s NUGOSU a z\u00edskej v\u011bt\u0161\u00ed kontrolu nad sv\u00fdmi rozhodnut\u00edmi emocemi a <\/span><b>p\u0159evezmi kontrolu<\/b><span style=\"font-weight: 400;\"> nad svou hrou.<\/span><\/span><\/p>\n<p><span class=\"font-175610\"><span style=\"font-weight: 400;\">S \u010dist\u00fdm sv\u011bdom\u00edm si dovolujeme tvrdit, \u017ee jde o nejkomplexn\u011bj\u0161\u00ed produkty na trhu ur\u010den\u00e9 p\u0159edev\u0161\u00edm pro hr\u00e1\u010de videoher. A\u017e <\/span><b>30 precizn\u011b nam\u00edchan\u00fdch \u00fa\u010dinn\u00fdch l\u00e1tek<\/b><span style=\"font-weight: 400;\"> ve form\u011b aminokyselin, rostlinn\u00fdch v\u00fdta\u017ek\u016f, vitam\u00edn\u016f, miner\u00e1l\u016f a kofeinu t\u011b napumpuj\u00ed energi\u00ed a podpo\u0159\u00ed tv\u016fj ment\u00e1ln\u00ed v\u00fdkon. Speci\u00e1ln\u011b navr\u017een\u00e1 sm\u011bs <\/span><b>nootropick\u00fdch a adaptogenn\u00edch<\/b><span style=\"font-weight: 400;\"> l\u00e1tek stimuluje mozkovou \u010dinnost, posiluje <\/span><\/span><span class=\"font-175610\" style=\"font-weight: 400;\">schopnost uva\u017eovat, zlep\u0161uje pam\u011b\u0165, sni\u017euje pocit \u00fanavy, pom\u00e1h\u00e1 intenzivn\u011b se soust\u0159edit, odol\u00e1vat stresu, eliminovat \u00fazkost a podr\u00e1\u017ed\u011bn\u00ed.<\/span>[\/vc_column_text][\/vc_column][\/vc_row][vc_row row_height_percent=&#8220;0&#8243; back_color=&#8220;color-uydo&#8220; overlay_alpha=&#8220;26&#8243; gutter_size=&#8220;3&#8243; column_width_percent=&#8220;100&#8243; shift_y=&#8220;0&#8243; z_index=&#8220;0&#8243;][vc_column width=&#8220;1\/1&#8243;][vc_single_image media=&#8220;92216&#8243; media_width_percent=&#8220;65&#8243; alignment=&#8220;center&#8220;][\/vc_column][\/vc_row][vc_row row_height_percent=&#8220;0&#8243; override_padding=&#8220;yes&#8220; h_padding=&#8220;2&#8243; top_padding=&#8220;4&#8243; bottom_padding=&#8220;3&#8243; overlay_alpha=&#8220;100&#8243; gutter_size=&#8220;100&#8243; column_width_percent=&#8220;100&#8243; shift_y=&#8220;0&#8243; z_index=&#8220;0&#8243; style=&#8220;inherited&#8220;][vc_column column_width_percent=&#8220;100&#8243; gutter_size=&#8220;3&#8243; overlay_alpha=&#8220;100&#8243; shift_x=&#8220;0&#8243; shift_y=&#8220;0&#8243; medium_width=&#8220;0&#8243; zoom_width=&#8220;0&#8243; zoom_height=&#8220;0&#8243; width=&#8220;1\/1&#8243;][vc_row_inner row_inner_height_percent=&#8220;0&#8243; overlay_alpha=&#8220;100&#8243; gutter_size=&#8220;3&#8243; shift_y=&#8220;0&#8243; limit_content=&#8220;&#8220;][vc_column_inner column_width_use_pixel=&#8220;yes&#8220; align_horizontal=&#8220;align_center&#8220; gutter_size=&#8220;3&#8243; font_family=&#8220;font-134980&#8243; overlay_alpha=&#8220;100&#8243; shift_x=&#8220;0&#8243; shift_y=&#8220;0&#8243; medium_width=&#8220;0&#8243; zoom_width=&#8220;0&#8243; zoom_height=&#8220;0&#8243; width=&#8220;1\/1&#8243; column_width_pixel=&#8220;700&#8243;][vc_column_text text_lead=&#8220;yes&#8220;]<span class=\"font-175610\"><b>Vyv\u00e1\u017een\u00fd a dlouhotrvaj\u00edc\u00ed p\u0159\u00edsun energie<\/b><span style=\"font-weight: 400;\"> bez pocitu nervozity, slabosti a sv\u011bd\u011bn\u00ed je b\u011bhem gamingu k nezaplacen\u00ed, proto jsme v na\u0161ich produktech pou\u017eili p\u0159\u00edrodn\u00ed zdroje kofeinu, a to ve form\u011b v\u00fdta\u017eku z <\/span><span style=\"font-weight: 400;\">kolov\u00e9ho o\u0159echu<\/span><span style=\"font-weight: 400;\"> a <\/span><span style=\"font-weight: 400;\">guarany<\/span><span style=\"font-weight: 400;\">.<\/span><\/span><\/p>\n<p><span class=\"font-175610\"><span style=\"font-weight: 400;\">U n\u00e1s cukr nebo jak\u00e9koliv \u0161kodliv\u00e9 l\u00e1tky nenajdete, jednodu\u0161e jsme je ve slo\u017een\u00ed striktn\u011b vynechali. Ka\u017ed\u00fd produkt od zna\u010dky NUGOSU je <\/span><b>VEGAN <\/b><span style=\"font-weight: 400;\">friendly a ka\u017ed\u00e1 jeho p\u0159\u00edchu\u0165 je d\u00edky nejinovativn\u011bj\u0161\u00edm technologi\u00edm osv\u011b\u017euj\u00edc\u00ed, p\u0159irozen\u00e1 a bez jak\u00fdchkoliv ho\u0159k\u00fdch chut\u00ed.<\/span><\/span><\/p>\n<p><span class=\"font-175610\"><span style=\"font-weight: 400;\">NUGOSU produkty <\/span><b>nejsou ur\u010deny jen pro hr\u00e1\u010de<\/b><span style=\"font-weight: 400;\">, ale dodaj\u00ed ment\u00e1ln\u00ed a fyzickou energii i p\u0159i pr\u00e1ci, u\u010den\u00ed, \u0159\u00edzen\u00ed a fyzick\u00e9 aktivit\u011b.<\/span><\/span><\/p>\n<p style=\"text-align: center;\"><span class=\"font-175610\" style=\"font-weight: 400;\">P\u0158IPOJ SE K NUGOSU a z\u00edskej:<\/span><\/p>\n<p style=\"text-align: center;\"><strong><span class=\"font-175610\">ENERGIE<br \/>\n<\/span><span class=\"font-175610\">SOUST\u0158ED\u011aNOST<br \/>\n<\/span><span class=\"font-175610\">REAK\u010cN\u00cd \u010cAS<br \/>\nHYDRATACE<br \/>\n<\/span><span class=\"font-175610\">V\u00ddKONNOST<br \/>\n<\/span><span class=\"font-175610\">P\u0158ESNOST<br \/>\n<\/span><span class=\"font-175610\">OCHRANA ZRAKU<br \/>\n<\/span><span class=\"font-175610\">PAM\u011a\u0164<br \/>\n<\/span><span class=\"font-175610\">ZVL\u00c1D\u00c1N\u00cd STRESU<br \/>\n<\/span><span class=\"font-175610\">EMO\u010cN\u00cd STABILITA<\/span><\/strong><\/p>\n<p>[\/vc_column_text][\/vc_column_inner][\/vc_row_inner][\/vc_column][\/vc_row][vc_row row_height_percent=&#8220;0&#8243; override_padding=&#8220;yes&#8220; h_padding=&#8220;2&#8243; top_padding=&#8220;4&#8243; bottom_padding=&#8220;4&#8243; overlay_alpha=&#8220;50&#8243; gutter_size=&#8220;3&#8243; column_width_percent=&#8220;100&#8243; shift_y=&#8220;0&#8243; z_index=&#8220;0&#8243;][vc_column column_width_percent=&#8220;100&#8243; align_horizontal=&#8220;align_center&#8220; gutter_size=&#8220;3&#8243; overlay_alpha=&#8220;50&#8243; shift_x=&#8220;0&#8243; shift_y=&#8220;0&#8243; shift_y_down=&#8220;0&#8243; z_index=&#8220;0&#8243; medium_width=&#8220;0&#8243; mobile_width=&#8220;0&#8243; width=&#8220;1\/1&#8243;][vc_button button_color=&#8220;color-147341&#8243; size=&#8220;btn-xl&#8220; radius=&#8220;btn-circle&#8220; border_width=&#8220;0&#8243; link=&#8220;url:https%3A%2F%2Fnugosu.gg%2Fcs%2Fshop-main%2F|title:Shop%20Main&#8220;]SHOP NOW[\/vc_button][\/vc_column][\/vc_row]<\/p>\n<\/div>","protected":false},"excerpt":{"rendered":"<p>[vc_row row_height_percent=&#8220;0&#8243; override_padding=&#8220;yes&#8220; h_padding=&#8220;2&#8243; top_padding=&#8220;5&#8243; bottom_padding=&#8220;4&#8243; overlay_alpha=&#8220;100&#8243; gutter_size=&#8220;100&#8243; column_width_percent=&#8220;100&#8243; shift_y=&#8220;0&#8243; z_index=&#8220;0&#8243; style=&#8220;inherited&#8220;][vc_column column_width_use_pixel=&#8220;yes&#8220; align_horizontal=&#8220;align_center&#8220; gutter_size=&#8220;4&#8243; font_family=&#8220;font-134980&#8243; overlay_alpha=&#8220;100&#8243; shift_x=&#8220;0&#8243; shift_y=&#8220;0&#8243; medium_width=&#8220;0&#8243; [&hellip;]<\/p>\n","protected":false},"author":1,"featured_media":0,"parent":0,"menu_order":0,"comment_status":"open","ping_status":"closed","template":"","meta":{"footnotes":""},"class_list":["post-92227","page","type-page","status-publish","hentry"],"_links":{"self":[{"href":"https:\/\/nugosu.gg\/cs\/wp-json\/wp\/v2\/pages\/92227","targetHints":{"allow":["GET"]}}],"collection":[{"href":"https:\/\/nugosu.gg\/cs\/wp-json\/wp\/v2\/pages"}],"about":[{"href":"https:\/\/nugosu.gg\/cs\/wp-json\/wp\/v2\/types\/page"}],"author":[{"embeddable":true,"href":"https:\/\/nugosu.gg\/cs\/wp-json\/wp\/v2\/users\/1"}],"replies":[{"embeddable":true,"href":"https:\/\/nugosu.gg\/cs\/wp-json\/wp\/v2\/comments?post=92227"}],"version-history":[{"count":0,"href":"https:\/\/nugosu.gg\/cs\/wp-json\/wp\/v2\/pages\/92227\/revisions"}],"wp:attachment":[{"href":"https:\/\/nugosu.gg\/cs\/wp-json\/wp\/v2\/media?parent=92227"}],"curies":[{"name":"wp","href":"https:\/\/api.w.org\/{rel}","templated":true}]}}