{"id":89093,"date":"2021-02-09T20:37:55","date_gmt":"2021-02-09T19:37:55","guid":{"rendered":"http:\/\/nugosu.gg\/?page_id=89093"},"modified":"2021-10-18T09:42:23","modified_gmt":"2021-10-18T07:42:23","slug":"dorucovaci-informace","status":"publish","type":"page","link":"https:\/\/nugosu.gg\/cs\/dorucovaci-informace\/","title":{"rendered":"Doru\u010dovac\u00ed informace"},"content":{"rendered":"<div class=\"wpb-content-wrapper\"><p>[vc_row][vc_column][vc_column_text]<\/p>\n<h2 class=\"delivery-pricelist__section\">Zp\u016fsoby doru\u010den\u00ed<\/h2>\n<h3>Kur\u00fdr PPL &#8211; objednan\u00fd produkt je doru\u010den prost\u0159ednictv\u00edm kur\u00fdrn\u00ed spole\u010dnosti PPL<\/h3>\n<h2><!--hej co to je?--><\/h2>\n<ul>\n<li>Cena dopravy p\u0159i objedn\u00e1vk\u00e1ch do 700 K\u010d je 70 K\u010d.<\/li>\n<li>Objedn\u00e1vky nad 700 K\u010d Ti doru\u010d\u00edme ZDARMA!<\/li>\n<li><strong>Minim\u00e1ln\u00ed suma objedn\u00e1vky je 150 K\u010d.<\/strong><\/li>\n<\/ul>\n<p><em>Informuje m\u011b kur\u00fdr p\u0159ed doru\u010den\u00edm z\u00e1silky?<\/em><\/p>\n<p>R\u00e1no p\u0159ed doru\u010den\u00edm V\u00e1s bude kontaktovat kur\u00fdr a domluv\u00ed si s V\u00e1mi p\u0159esn\u00e9 m\u00edsto a \u010das doru\u010den\u00ed. Z\u00e1silku m\u016f\u017eete sledovat na adrese:\u00a0<a href=\"http:\/\/ppl.cz\/\" target=\"_blank\" rel=\"noopener\"><strong>www.ppl.cz<\/strong><\/a>\u00a0v menu najdete pole &#8222;sledov\u00e1n\u00ed z\u00e1silky&#8220; kam nap\u00ed\u0161ete \u010d\u00edslo z\u00e1silky, kter\u00e9 je V\u00e1m zasl\u00e1no na email.<\/p>\n<p><em>Co kdy\u017e se z\u00e1silka zpozd\u00ed?<\/em><br \/>\nNejjednodu\u0161\u0161\u00ed je kontaktovat n\u00e1s nebo p\u0159\u00edmo spole\u010dnost PPL na \u010d\u00edsle <a class=\"box-contact__item\"><span class=\"font-weight-normal\" data-lfr-editable-id=\"item2Value\" data-lfr-editable-type=\"text\">+420 225 331 500<\/span><\/a>.<\/p>\n<p>&nbsp;<\/p>\n<h3>Z\u00e1silkovna &#8211; objednan\u00e9 produkty jsou dopraveny na vybran\u00e9 v\u00fddejn\u00ed m\u00edsto s\u00edt\u011b\u00a0<a href=\"https:\/\/www.zasilkovna.cz\/pobocky\" target=\"_blank\" rel=\"noopener\">Z\u00e1silkovna<\/a><\/h3>\n<ul>\n<li>Cena dopravy p\u0159i objedn\u00e1vk\u00e1ch do 700 K\u010d je 50 K\u010d.<\/li>\n<li>Objedn\u00e1vky nad 700 K\u010d Ti doru\u010d\u00edme ZDARMA!<\/li>\n<li><strong>Minim\u00e1ln\u00ed suma objedn\u00e1vky je 150 K\u010d.<\/strong><\/li>\n<\/ul>\n<p><em>Jak to funguje?<\/em><br \/>\n1. B\u011bhem objedn\u00e1vky zbo\u017e\u00ed, ve zp\u016fsobu doru\u010den\u00ed, si vyberete v\u00fddejn\u00ed m\u00edsto Z\u00e1silkovna, kter\u00e9 m\u00e1te nejbl\u00ed\u017ee.<br \/>\n2. Jakmile p\u0159ed\u00e1me zbo\u017e\u00ed k p\u0159eprav\u011b, v\u00e1m Z\u00e1silkovna po\u0161le e-mail s trasovac\u00edm \u010d\u00edslem. Z\u00e1silku m\u016f\u017eete sledovat na <a href=\"https:\/\/tracking.packeta.com\/cs\/tracking\/search\" target=\"_blank\" rel=\"noopener\">ZDE.<\/a><br \/>\n3. Po doru\u010den\u00ed z\u00e1silky na v\u00e1mi zvolen\u00e9 v\u00fddejn\u00ed m\u00edsto v\u00e1m Z\u00e1silkovna po\u0161le SMS a e-mail s heslem pro vyzvednut\u00ed z\u00e1silky. Od t\u00e9to chv\u00edle si ji m\u016f\u017eete kdykoliv do 7 dn\u016f vyzvednout.<\/p>\n<p>Seznam pobo\u010dek se nach\u00e1z\u00ed p\u0159i v\u00fdb\u011bru zp\u016fsobu doru\u010den\u00ed v objedn\u00e1vce a na hlavn\u00ed str\u00e1nce Z\u00e1silkovna <a href=\"https:\/\/www.zasilkovna.cz\/pobocky\" target=\"_blank\" rel=\"noopener\">ZDE<\/a>.<\/p>\n<h2>Mo\u017enosti plateb<\/h2>\n<h3>Platebn\u00ed kartou p\u0159edem (online p\u0159es internet)<\/h3>\n<p>Online platba kartami MasterCard, VISA a American Express p\u0159es platebn\u00ed br\u00e1nu GP webpay. Po odesl\u00e1n\u00ed objedn\u00e1vky bude\u0161 automaticky p\u0159esm\u011brov\u00e1n na bezpe\u010dnou platebn\u00ed br\u00e1nu spole\u010dnosti GP webpay, kde zad\u00e1\u0161 pot\u0159ebn\u00e9 \u00fadaje. Po \u00fasp\u011b\u0161n\u00e9 autorizaci transakce platba prob\u011bhne okam\u017eit\u011b a zbo\u017e\u00ed expedujeme nejpozd\u011bji n\u00e1sleduj\u00edc\u00ed pracovn\u00ed den.<\/p>\n<h3>Dob\u00edrkou<\/h3>\n<p>Nejroz\u0161\u00ed\u0159en\u011bj\u0161\u00ed zp\u016fsob platby za zbo\u017e\u00ed objednan\u00e9 p\u0159es internet. Pen\u00edze za zbo\u017e\u00ed zaplat\u00ed\u0161 a\u017e p\u0159i p\u0159evzet\u00ed zbo\u017e\u00ed od kur\u00fdra nebo na odb\u011brn\u00e9m m\u00edst\u011b.<br \/>\nPlatebn\u00ed metoda <strong>dob\u00edrka je zpoplatn\u011bna \u010d\u00e1stkou 20 K\u010d.<\/strong><\/p>\n<h3>Bankovn\u00edm p\u0159evodem<\/h3>\n<p>Po p\u0159ijet\u00ed objedn\u00e1vky na Tv\u016fj mail za\u0161leme \u010d\u00edslo \u00fa\u010dtu a variabiln\u00ed symbol. Za zbo\u017e\u00ed zaplat\u00ed\u0161 p\u0159edem na n\u00e1\u0161 bankovn\u00ed \u00fa\u010det veden\u00fd ve FIO Bance. Po p\u0159ijet\u00ed platby objedn\u00e1vku expedujeme nejpozd\u011bji n\u00e1sleduj\u00edc\u00ed pracovn\u00ed den.<\/p>\n<p>[\/vc_column_text][\/vc_column][\/vc_row]<\/p>\n<\/div>","protected":false},"excerpt":{"rendered":"<p>[vc_row][vc_column][vc_column_text] Zp\u016fsoby doru\u010den\u00ed Kur\u00fdr PPL &#8211; objednan\u00fd produkt je doru\u010den prost\u0159ednictv\u00edm kur\u00fdrn\u00ed spole\u010dnosti PPL Cena dopravy p\u0159i objedn\u00e1vk\u00e1ch do 700 [&hellip;]<\/p>\n","protected":false},"author":2,"featured_media":0,"parent":0,"menu_order":0,"comment_status":"closed","ping_status":"closed","template":"","meta":{"footnotes":""},"class_list":["post-89093","page","type-page","status-publish","hentry"],"_links":{"self":[{"href":"https:\/\/nugosu.gg\/cs\/wp-json\/wp\/v2\/pages\/89093","targetHints":{"allow":["GET"]}}],"collection":[{"href":"https:\/\/nugosu.gg\/cs\/wp-json\/wp\/v2\/pages"}],"about":[{"href":"https:\/\/nugosu.gg\/cs\/wp-json\/wp\/v2\/types\/page"}],"author":[{"embeddable":true,"href":"https:\/\/nugosu.gg\/cs\/wp-json\/wp\/v2\/users\/2"}],"replies":[{"embeddable":true,"href":"https:\/\/nugosu.gg\/cs\/wp-json\/wp\/v2\/comments?post=89093"}],"version-history":[{"count":0,"href":"https:\/\/nugosu.gg\/cs\/wp-json\/wp\/v2\/pages\/89093\/revisions"}],"wp:attachment":[{"href":"https:\/\/nugosu.gg\/cs\/wp-json\/wp\/v2\/media?parent=89093"}],"curies":[{"name":"wp","href":"https:\/\/api.w.org\/{rel}","templated":true}]}}